{"id":8186,"date":"2022-11-16T16:23:51","date_gmt":"2022-11-16T16:23:51","guid":{"rendered":"http:\/\/bioplagas.srtv.cl\/?page_id=8186"},"modified":"2024-11-15T11:57:03","modified_gmt":"2024-11-15T14:57:03","slug":"contacto","status":"publish","type":"page","link":"https:\/\/camousseight.cl\/index.php\/contacto\/","title":{"rendered":"Contacto"},"content":{"rendered":"<div class=\"wpb-content-wrapper\"><section class=\"l-section wpb_row us_custom_813dac4b height_custom\"><div class=\"l-section-overlay\" style=\"background:rgba(0,64,108,0.60)\"><\/div><div class=\"l-section-h i-cf\"><div class=\"g-cols vc_row via_grid cols_2 laptops-cols_inherit tablets-cols_inherit mobiles-cols_1 valign_middle type_default stacking_default\" style=\"grid-gap:4.30rem;\"><div class=\"wpb_column vc_column_container\"><div class=\"vc_column-inner\"><div class=\"w-separator size_medium\"><\/div><div class=\"w-separator size_medium\"><\/div><div class=\"w-separator size_medium\"><\/div><h1 class=\"w-text us_custom_c111979f has_text_color\"><span class=\"w-text-h\"><span class=\"w-text-value\">CONTACTO<\/span><\/span><\/h1><div class=\"w-separator size_small\"><\/div><form class=\"w-form  layout_ver for_cform us_form_1\" autocomplete=\"off\" action=\"https:\/\/camousseight.cl\/index.php\/wp-json\/wp\/v2\/pages\/8186\" method=\"post\"><div class=\"w-form-h\"><div class=\"w-form-row for_text\">\r\n\t\t<div class=\"w-form-row-field\">\r\n\t\t\t\t\t\t<input aria-label=\"Nombre\" type=\"text\" name=\"us_form_1_text_1\" value placeholder=\"Nombre\"\/>\r\n\t\t\t<\/div>\r\n\t\t<div class=\"w-form-row-state\">Rellena este campo<\/div>\r\n<\/div>\r\n<div class=\"w-form-row for_text\">\r\n\t\t<div class=\"w-form-row-field\">\r\n\t\t\t\t\t\t<input aria-label=\"Tel\u00e9fono\" inputmode=\"numeric\" type=\"text\" name=\"us_form_1_text_2\" value placeholder=\"Tel\u00e9fono\"\/>\r\n\t\t\t<\/div>\r\n\t\t<div class=\"w-form-row-state\">Rellena este campo<\/div>\r\n<\/div>\r\n<div class=\"w-form-row for_text\">\r\n\t\t<div class=\"w-form-row-field\">\r\n\t\t\t\t\t\t<input aria-label=\"Correo electr\u00f3nico\" type=\"text\" name=\"us_form_1_text_3\" value placeholder=\"Correo electr\u00f3nico\"\/>\r\n\t\t\t<\/div>\r\n\t\t<div class=\"w-form-row-state\">Rellena este campo<\/div>\r\n<\/div>\r\n<div class=\"w-form-row for_text\">\r\n\t\t<div class=\"w-form-row-field\">\r\n\t\t\t\t\t\t<input aria-label=\"Asunto\" type=\"text\" name=\"us_form_1_text_4\" value placeholder=\"Asunto\"\/>\r\n\t\t\t<\/div>\r\n\t\t<div class=\"w-form-row-state\">Rellena este campo<\/div>\r\n<\/div>\r\n<div class=\"w-form-row for_textarea\">\r\n\t\t<div class=\"w-form-row-field\">\r\n\t\t\t\t\t\t<textarea aria-label=\"Mensaje\" name=\"us_form_1_textarea_1\" placeholder=\"Mensaje\"><\/textarea>\r\n\t\t\t<\/div>\r\n\t\t<div class=\"w-form-row-state\">Rellena este campo<\/div>\r\n<\/div>\r\n<input type=\"hidden\" name=\"action\" value=\"us_ajax_cform\" \/>\r\n<input type=\"hidden\" name=\"post_id\" value=\"0\" \/>\r\n<input type=\"hidden\" name=\"form_index\" value=\"1\" \/>\r\n<div class=\"w-form-row for_submit  align_none\">\r\n\t<button class=\"w-btn  us-btn-style_8\" aria-label=\"Enviar\" type=\"submit\">\r\n\t\t<span class=\"g-preloader type_1\"><\/span>\r\n\t\t\t\t<span class=\"w-btn-label\">Enviar<\/span>\r\n\t\t\t<\/button>\r\n\t<\/div>\r\n<\/div><div class=\"w-form-message\"><\/div><div class=\"w-form-json hidden\" onclick='return {&quot;ajaxurl&quot;:&quot;https:\\\/\\\/camousseight.cl\\\/wp-admin\\\/admin-ajax.php&quot;,&quot;messages&quot;:{&quot;err_empty&quot;:&quot;Rellena este campo&quot;,&quot;err_size&quot;:&quot;File size cannot exceed %s MB&quot;,&quot;err_extension&quot;:&quot;%s file type is not allowed&quot;}}'><\/div><\/form><\/div><\/div><div class=\"wpb_column vc_column_container\"><div class=\"vc_column-inner\"><div class=\"w-separator size_medium\"><\/div><div class=\"w-separator size_medium\"><\/div><div class=\"w-html us_custom_646583a5 has_text_color\"><i class=\"fas fa-envelope\"><\/i> Correo: <a style=\"color:white\" href=\"mailto:contacto@camousseight.cl\">contacto@camousseight.cl<\/a> \n<BR><BR>\n<i class=\"fas fa-map-marker-alt\"><\/i> Direcci\u00f3n: C\u00f3nsul Poinsett 4860, Quinta Normal.\n<BR><BR>\n<i class=\"fas fa-phone-alt\"><\/i> Tel\u00e9fono: <a style=\"color:white\" href=\"tel:+56222485510\">+562 2248 5510<\/a> \n<BR>\n<!-- <BR>\n<i class=\"fab fa-whatsapp\"><\/i> M\u00f3vil: <a style=\"color:white\" href=\"https:\/\/api.whatsapp.com\/send?phone=56988285187\">+569 8828 5187<\/a> -->\n<BR><BR>\n<i class=\"fas fa-clock\"><\/i> Horario de Atenci\u00f3n:\n<BR>\nLunes a Jueves: 09:00 - 13:00 y 14:00 - 17:30\n<BR>\nViernes: 09:00 - 15:30<\/div><\/div><\/div><\/div><\/div><\/section>\n<\/div>","protected":false},"excerpt":{"rendered":"CONTACTO Rellena este campo Rellena este campo Rellena este campo Rellena este campo Rellena este campo Enviar Correo: contacto@camousseight.cl Direcci\u00f3n: C\u00f3nsul Poinsett 4860, Quinta Normal. Tel\u00e9fono: +562 2248 5510 Horario de Atenci\u00f3n: Lunes a Jueves: 09:00 - 13:00 y 14:00 - 17:30 Viernes: 09:00 - 15:30","protected":false},"author":3,"featured_media":0,"parent":0,"menu_order":0,"comment_status":"closed","ping_status":"closed","template":"","meta":{"footnotes":""},"acf":[],"_links":{"self":[{"href":"https:\/\/camousseight.cl\/index.php\/wp-json\/wp\/v2\/pages\/8186"}],"collection":[{"href":"https:\/\/camousseight.cl\/index.php\/wp-json\/wp\/v2\/pages"}],"about":[{"href":"https:\/\/camousseight.cl\/index.php\/wp-json\/wp\/v2\/types\/page"}],"author":[{"embeddable":true,"href":"https:\/\/camousseight.cl\/index.php\/wp-json\/wp\/v2\/users\/3"}],"replies":[{"embeddable":true,"href":"https:\/\/camousseight.cl\/index.php\/wp-json\/wp\/v2\/comments?post=8186"}],"version-history":[{"count":32,"href":"https:\/\/camousseight.cl\/index.php\/wp-json\/wp\/v2\/pages\/8186\/revisions"}],"predecessor-version":[{"id":9679,"href":"https:\/\/camousseight.cl\/index.php\/wp-json\/wp\/v2\/pages\/8186\/revisions\/9679"}],"wp:attachment":[{"href":"https:\/\/camousseight.cl\/index.php\/wp-json\/wp\/v2\/media?parent=8186"}],"curies":[{"name":"wp","href":"https:\/\/api.w.org\/{rel}","templated":true}]}}