{"id":9305,"date":"2024-02-08T12:53:38","date_gmt":"2024-02-08T15:53:38","guid":{"rendered":"http:\/\/camousseight.cl\/?page_id=9305"},"modified":"2024-02-23T15:32:16","modified_gmt":"2024-02-23T18:32:16","slug":"portafolio","status":"publish","type":"page","link":"https:\/\/camousseight.cl\/index.php\/portafolio\/","title":{"rendered":"Novedades"},"content":{"rendered":"<div class=\"wpb-content-wrapper\"><section class=\"l-section wpb_row height_custom\"><div class=\"l-section-h i-cf\"><div class=\"g-cols vc_row via_grid cols_1 laptops-cols_inherit tablets-cols_inherit mobiles-cols_1 valign_top type_default stacking_default\"><div class=\"wpb_column vc_column_container\"><div class=\"vc_column-inner\"><div class=\"w-separator size_medium\"><\/div><div class=\"w-separator size_medium\"><\/div><h1 class=\"w-text us_custom_3588fe6b has_text_color\"><span class=\"w-text-h\"><span class=\"w-text-value\">NOVEDADES<\/span><\/span><\/h1><div class=\"w-separator size_medium\"><\/div><div class=\"w-grid type_grid layout_9623 cols_3\" id=\"us_grid_1\" data-filterable=\"true\"><style>#us_grid_1 .w-grid-item{padding:3rem}#us_grid_1 .w-grid-list{margin:-3rem}.w-grid + #us_grid_1 .w-grid-list,.w-grid-none + #us_grid_1 .w-grid-list{margin-top:3rem}@media (max-width:899px){#us_grid_1 .w-grid-item{width:50%}}@media (max-width:599px){#us_grid_1 .w-grid-list{margin:0}#us_grid_1 .w-grid-item{width:100%;padding:0;margin-bottom:3rem}}.layout_9623 .w-grid-item-h{}.layout_9623 .usg_post_image_1{height:200px!important;padding-left:20px!important;padding-top:20px!important;padding-right:20px!important}.layout_9623 .usg_btn_1{color:#ffffff!important;text-align:center!important;margin-left:50px!important;margin-bottom:20px!important;margin-right:50px!important;border-radius:5px!important;background:var(--color-header-middle-text-hover)!important}.layout_9623 .usg_post_title_1{color:#1a1a1a!important;text-align:center!important;font-size:22px!important;font-weight:400!important;text-transform:uppercase!important;height:80px!important;padding-left:10px!important;padding-top:20px!important;padding-right:10px!important}.layout_9623 .usg_vwrapper_1{border-radius:10px!important;background:#f5f5f5!important}.layout_9623 .usg_post_content_1{text-align:justify!important;height:100px!important;padding-left:20px!important;padding-right:20px!important}<\/style><div class=\"w-grid-list\">\t<article class=\"w-grid-item size_1x1 post-9635 post type-post status-publish format-standard has-post-thumbnail hentry category-noticias\" data-id=\"9635\">\r\n\t\t<div class=\"w-grid-item-h\">\r\n\t\t\t\t\t\t<div class=\"w-vwrapper usg_vwrapper_1 align_none valign_top\"><div class=\"w-post-elm post_image usg_post_image_1 has_height stretched\"><a href=\"https:\/\/camousseight.cl\/index.php\/tapa-de-ventilacion-weg-2\/\" aria-label=\"TAPA DE VENTILACION WEG\"><img loading=\"lazy\" decoding=\"async\" width=\"200\" height=\"200\" src=\"https:\/\/camousseight.cl\/wp-content\/uploads\/2024\/02\/MOTOR-ELECTRICO-WEG-NEMA-W22-ALTA-EFICIENCIA-2.jpg\" class=\"attachment-large size-large wp-post-image\" alt=\"\" srcset=\"https:\/\/camousseight.cl\/wp-content\/uploads\/2024\/02\/MOTOR-ELECTRICO-WEG-NEMA-W22-ALTA-EFICIENCIA-2.jpg 200w, https:\/\/camousseight.cl\/wp-content\/uploads\/2024\/02\/MOTOR-ELECTRICO-WEG-NEMA-W22-ALTA-EFICIENCIA-2-150x150.jpg 150w\" sizes=\"(max-width: 200px) 100vw, 200px\" \/><\/a><\/div><h1 class=\"w-post-elm post_title usg_post_title_1 align_center entry-title color_link_inherit\"><a href=\"https:\/\/camousseight.cl\/index.php\/tapa-de-ventilacion-weg-2\/\">TAPA DE VENTILACION WEG<\/a><\/h1><div class=\"w-post-elm post_content usg_post_content_1\">Adem\u00e1s, WEG ha introducido avances significativos en su Tecnolog\u00eda de Protecci\u00f3n para Motores El\u00e9ctricos. Esto incluye&hellip;<\/div><a class=\"w-btn us-btn-style_1 usg_btn_1\" href=\"https:\/\/camousseight.cl\/index.php\/tapa-de-ventilacion-weg-2\/\"><span class=\"w-btn-label\">Leer M\u00e1s<\/span><\/a><\/div>\t\t<\/div>\r\n\t<\/article>\r\n\t<article class=\"w-grid-item size_1x1 post-9633 post type-post status-publish format-standard has-post-thumbnail hentry category-noticias\" data-id=\"9633\">\r\n\t\t<div class=\"w-grid-item-h\">\r\n\t\t\t\t\t\t<div class=\"w-vwrapper usg_vwrapper_1 align_none valign_top\"><div class=\"w-post-elm post_image usg_post_image_1 has_height stretched\"><a href=\"https:\/\/camousseight.cl\/index.php\/tapa-de-ventilacion-weg\/\" aria-label=\"TAPA DE VENTILACION WEG\"><img loading=\"lazy\" decoding=\"async\" width=\"200\" height=\"150\" src=\"https:\/\/camousseight.cl\/wp-content\/uploads\/2024\/02\/MOTOR-ELECTRICO-WEG-ODP-W40-ALTA-EFICIENCIA.jpg\" class=\"attachment-large size-large wp-post-image\" alt=\"\" \/><\/a><\/div><h1 class=\"w-post-elm post_title usg_post_title_1 align_center entry-title color_link_inherit\"><a href=\"https:\/\/camousseight.cl\/index.php\/tapa-de-ventilacion-weg\/\">TAPA DE VENTILACION WEG<\/a><\/h1><div class=\"w-post-elm post_content usg_post_content_1\">WEG, l\u00edder mundial en soluciones de ingenier\u00eda el\u00e9ctrica, ha presentado su \u00faltima innovaci\u00f3n en el campo&hellip;<\/div><a class=\"w-btn us-btn-style_1 usg_btn_1\" href=\"https:\/\/camousseight.cl\/index.php\/tapa-de-ventilacion-weg\/\"><span class=\"w-btn-label\">Leer M\u00e1s<\/span><\/a><\/div>\t\t<\/div>\r\n\t<\/article>\r\n\t<article class=\"w-grid-item size_1x1 post-9627 post type-post status-publish format-standard has-post-thumbnail hentry category-noticias\" data-id=\"9627\">\r\n\t\t<div class=\"w-grid-item-h\">\r\n\t\t\t\t\t\t<div class=\"w-vwrapper usg_vwrapper_1 align_none valign_top\"><div class=\"w-post-elm post_image usg_post_image_1 has_height stretched\"><a href=\"https:\/\/camousseight.cl\/index.php\/motor-electrico-weg\/\" aria-label=\"MOTOR ELECTRICO WEG\"><img loading=\"lazy\" decoding=\"async\" width=\"200\" height=\"200\" src=\"https:\/\/camousseight.cl\/wp-content\/uploads\/2024\/02\/MOTOR-ELECTRICO-WEG-MOTOFRENO-W22-ALTA-EFICIENCIA.jpg\" class=\"attachment-large size-large wp-post-image\" alt=\"\" srcset=\"https:\/\/camousseight.cl\/wp-content\/uploads\/2024\/02\/MOTOR-ELECTRICO-WEG-MOTOFRENO-W22-ALTA-EFICIENCIA.jpg 200w, https:\/\/camousseight.cl\/wp-content\/uploads\/2024\/02\/MOTOR-ELECTRICO-WEG-MOTOFRENO-W22-ALTA-EFICIENCIA-150x150.jpg 150w\" sizes=\"(max-width: 200px) 100vw, 200px\" \/><\/a><\/div><h1 class=\"w-post-elm post_title usg_post_title_1 align_center entry-title color_link_inherit\"><a href=\"https:\/\/camousseight.cl\/index.php\/motor-electrico-weg\/\">MOTOR ELECTRICO WEG<\/a><\/h1><div class=\"w-post-elm post_content usg_post_content_1\">WEG, l\u00edder mundial en tecnolog\u00eda de motores el\u00e9ctricos, ha lanzado al mercado su \u00faltima innovaci\u00f3n: el&hellip;<\/div><a class=\"w-btn us-btn-style_1 usg_btn_1\" href=\"https:\/\/camousseight.cl\/index.php\/motor-electrico-weg\/\"><span class=\"w-btn-label\">Leer M\u00e1s<\/span><\/a><\/div>\t\t<\/div>\r\n\t<\/article>\r\n\t<article class=\"w-grid-item size_1x1 post-9619 post type-post status-publish format-standard has-post-thumbnail hentry category-noticias\" data-id=\"9619\">\r\n\t\t<div class=\"w-grid-item-h\">\r\n\t\t\t\t\t\t<div class=\"w-vwrapper usg_vwrapper_1 align_none valign_top\"><div class=\"w-post-elm post_image usg_post_image_1 has_height stretched\"><a href=\"https:\/\/camousseight.cl\/index.php\/accesorios-electricos-weg\/\" aria-label=\"ACCESORIOS ELECTRICOS WEG\"><img loading=\"lazy\" decoding=\"async\" width=\"200\" height=\"200\" src=\"https:\/\/camousseight.cl\/wp-content\/uploads\/2024\/02\/CAJA-DE-CONEXIONES-WEG.jpg\" class=\"attachment-large size-large wp-post-image\" alt=\"\" srcset=\"https:\/\/camousseight.cl\/wp-content\/uploads\/2024\/02\/CAJA-DE-CONEXIONES-WEG.jpg 200w, https:\/\/camousseight.cl\/wp-content\/uploads\/2024\/02\/CAJA-DE-CONEXIONES-WEG-150x150.jpg 150w\" sizes=\"(max-width: 200px) 100vw, 200px\" \/><\/a><\/div><h1 class=\"w-post-elm post_title usg_post_title_1 align_center entry-title color_link_inherit\"><a href=\"https:\/\/camousseight.cl\/index.php\/accesorios-electricos-weg\/\">ACCESORIOS ELECTRICOS WEG<\/a><\/h1><div class=\"w-post-elm post_content usg_post_content_1\">En un esfuerzo continuo por mejorar la eficiencia y rendimiento de sus motores el\u00e9ctricos, WEG ha&hellip;<\/div><a class=\"w-btn us-btn-style_1 usg_btn_1\" href=\"https:\/\/camousseight.cl\/index.php\/accesorios-electricos-weg\/\"><span class=\"w-btn-label\">Leer M\u00e1s<\/span><\/a><\/div>\t\t<\/div>\r\n\t<\/article>\r\n<\/div><div class=\"w-grid-preloader\"><div class=\"g-preloader type_1\">\r\n\t<div><\/div>\r\n<\/div>\r\n<\/div>\t<div class=\"w-grid-json hidden\" onclick='return {&quot;action&quot;:&quot;us_ajax_grid&quot;,&quot;ajax_url&quot;:&quot;https:\\\/\\\/camousseight.cl\\\/wp-admin\\\/admin-ajax.php&quot;,&quot;infinite_scroll&quot;:0,&quot;max_num_pages&quot;:1,&quot;pagination&quot;:&quot;none&quot;,&quot;permalink_url&quot;:&quot;https:\\\/\\\/camousseight.cl\\\/wp-json\\\/wp\\\/v2\\\/pages\\\/9305&quot;,&quot;template_vars&quot;:{&quot;columns&quot;:&quot;3&quot;,&quot;exclude_items&quot;:&quot;none&quot;,&quot;img_size&quot;:&quot;default&quot;,&quot;ignore_items_size&quot;:0,&quot;items_layout&quot;:&quot;9623&quot;,&quot;items_offset&quot;:&quot;1&quot;,&quot;load_animation&quot;:&quot;none&quot;,&quot;overriding_link&quot;:&quot;none&quot;,&quot;post_id&quot;:9305,&quot;query_args&quot;:{&quot;post_type&quot;:[&quot;post&quot;],&quot;tax_query&quot;:[{&quot;taxonomy&quot;:&quot;category&quot;,&quot;field&quot;:&quot;slug&quot;,&quot;terms&quot;:[&quot;noticias&quot;]}],&quot;post_status&quot;:[&quot;publish&quot;,&quot;acf-disabled&quot;],&quot;posts_per_page&quot;:&quot;10&quot;},&quot;orderby_query_args&quot;:{&quot;orderby&quot;:{&quot;date&quot;:&quot;DESC&quot;}},&quot;type&quot;:&quot;grid&quot;,&quot;us_grid_ajax_index&quot;:1,&quot;us_grid_filter_params&quot;:null,&quot;us_grid_index&quot;:1,&quot;_us_grid_post_type&quot;:&quot;post&quot;}}'><\/div>\r\n\t<\/div><\/div><\/div><\/div><\/div><\/section>\n<\/div>","protected":false},"excerpt":{"rendered":"En un esfuerzo continuo por mejorar la eficiencia y rendimiento de sus motores el\u00e9ctricos, WEG ha lanzado al mercado una innovadora l\u00ednea de Accesorios El\u00e9ctricos, dise\u00f1ados espec\u00edficamente para complementar y potenciar sus reconocidos motores. Los Accesorios El\u00e9ctricos WEG est\u00e1n destinados a optimizar el funcionamiento de una amplia gama de aplicaciones industriales, ofreciendo soluciones que van...","protected":false},"author":3,"featured_media":0,"parent":0,"menu_order":0,"comment_status":"closed","ping_status":"closed","template":"","meta":{"footnotes":""},"acf":[],"_links":{"self":[{"href":"https:\/\/camousseight.cl\/index.php\/wp-json\/wp\/v2\/pages\/9305"}],"collection":[{"href":"https:\/\/camousseight.cl\/index.php\/wp-json\/wp\/v2\/pages"}],"about":[{"href":"https:\/\/camousseight.cl\/index.php\/wp-json\/wp\/v2\/types\/page"}],"author":[{"embeddable":true,"href":"https:\/\/camousseight.cl\/index.php\/wp-json\/wp\/v2\/users\/3"}],"replies":[{"embeddable":true,"href":"https:\/\/camousseight.cl\/index.php\/wp-json\/wp\/v2\/comments?post=9305"}],"version-history":[{"count":7,"href":"https:\/\/camousseight.cl\/index.php\/wp-json\/wp\/v2\/pages\/9305\/revisions"}],"predecessor-version":[{"id":9626,"href":"https:\/\/camousseight.cl\/index.php\/wp-json\/wp\/v2\/pages\/9305\/revisions\/9626"}],"wp:attachment":[{"href":"https:\/\/camousseight.cl\/index.php\/wp-json\/wp\/v2\/media?parent=9305"}],"curies":[{"name":"wp","href":"https:\/\/api.w.org\/{rel}","templated":true}]}}