{"id":9350,"date":"2024-02-08T14:55:22","date_gmt":"2024-02-08T17:55:22","guid":{"rendered":"http:\/\/camousseight.cl\/?post_type=product&#038;p=9350"},"modified":"2024-02-09T12:47:46","modified_gmt":"2024-02-09T15:47:46","slug":"motor-electrico-weg-nema-w22-alta-eficiencia-2","status":"publish","type":"product","link":"https:\/\/camousseight.cl\/index.php\/producto\/motor-electrico-weg-nema-w22-alta-eficiencia-2\/","title":{"rendered":"MOTOR ELECTRICO WEG &#8211; NEMA W22 ALTA EFICIENCIA"},"content":{"rendered":"<div class=\"wpb-content-wrapper\"><section class=\"l-section wpb_row height_auto width_full\"><div class=\"l-section-h i-cf\"><div class=\"g-cols vc_row via_grid cols_1 laptops-cols_inherit tablets-cols_inherit mobiles-cols_1 valign_top type_default stacking_default\"><div class=\"wpb_column vc_column_container\"><div class=\"vc_column-inner\"><div class=\"wpb_text_column\"><div class=\"wpb_wrapper\"><p>Alto desempe\u00f1o con m\u00e1xima eficiencia energ\u00e9tica es el objetivo del nuevo motor el\u00e9ctrico WEG. Alta eficiencia y bajo costo de propiedad durante toda la vida \u00fatil del motor ha sido la base para el desarrollo de la nueva plataforma W22. Un dise\u00f1o creado para maximizar la eficiencia y ahorro de energ\u00eda.<\/p>\n<\/div><\/div><\/div><\/div><\/div><\/div><\/section>\n<\/div>","protected":false},"excerpt":{"rendered":"Alto desempe\u00f1o con m\u00e1xima eficiencia energ\u00e9tica es el objetivo del nuevo motor el\u00e9ctrico WEG. Alta eficiencia y bajo costo de propiedad durante toda la vida \u00fatil del motor ha sido la base para el desarrollo de la nueva plataforma W22. Un dise\u00f1o creado para maximizar la eficiencia y ahorro de energ\u00eda.","protected":false},"featured_media":9351,"template":"","meta":[],"product_cat":[128,113],"product_tag":[],"acf":[],"_links":{"self":[{"href":"https:\/\/camousseight.cl\/index.php\/wp-json\/wp\/v2\/product\/9350"}],"collection":[{"href":"https:\/\/camousseight.cl\/index.php\/wp-json\/wp\/v2\/product"}],"about":[{"href":"https:\/\/camousseight.cl\/index.php\/wp-json\/wp\/v2\/types\/product"}],"wp:featuredmedia":[{"embeddable":true,"href":"https:\/\/camousseight.cl\/index.php\/wp-json\/wp\/v2\/media\/9351"}],"wp:attachment":[{"href":"https:\/\/camousseight.cl\/index.php\/wp-json\/wp\/v2\/media?parent=9350"}],"wp:term":[{"taxonomy":"product_cat","embeddable":true,"href":"https:\/\/camousseight.cl\/index.php\/wp-json\/wp\/v2\/product_cat?post=9350"},{"taxonomy":"product_tag","embeddable":true,"href":"https:\/\/camousseight.cl\/index.php\/wp-json\/wp\/v2\/product_tag?post=9350"}],"curies":[{"name":"wp","href":"https:\/\/api.w.org\/{rel}","templated":true}]}}