{"id":9392,"date":"2024-02-08T16:01:33","date_gmt":"2024-02-08T19:01:33","guid":{"rendered":"http:\/\/camousseight.cl\/?post_type=product&#038;p=9392"},"modified":"2024-02-09T12:33:51","modified_gmt":"2024-02-09T15:33:51","slug":"variador-de-frecuencia-weg-cfw11-system-drive-2","status":"publish","type":"product","link":"https:\/\/camousseight.cl\/index.php\/producto\/variador-de-frecuencia-weg-cfw11-system-drive-2\/","title":{"rendered":"VARIADOR DE FRECUENCIA WEG CFW11 System Drive"},"content":{"rendered":"<div class=\"wpb-content-wrapper\"><section class=\"l-section wpb_row height_auto width_full\"><div class=\"l-section-h i-cf\"><div class=\"g-cols vc_row via_grid cols_1 laptops-cols_inherit tablets-cols_inherit mobiles-cols_1 valign_top type_default stacking_default\"><div class=\"wpb_column vc_column_container\"><div class=\"vc_column-inner\"><div class=\"wpb_text_column\"><div class=\"wpb_wrapper\"><p>Sistemas complejos necesitan del m\u00e1s avanzado convertidor de frecuencia. La serie CFW11 abarca un rango de potencia desde 1.1 a 630 kW (1.5 a 900 HP).<\/p>\n<p>Con tecnolog\u00eda de punta para control de motores de inducci\u00f3n trif\u00e1sicos y motores sincr\u00f3nicos de imanes permanentes &#8211; WMagnet, la l\u00ednea CFW11 objetiva el aumento de productividad para los m\u00e1s complejos sistemas. Proyectados exclusivamente para utilizaci\u00f3n industrial o profesional, el CFW11 presenta muchas innovaciones agregando grandes beneficios a los clientes, principalmente por su simplicidad de instalaci\u00f3n y operaci\u00f3n. Basado en la filosof\u00eda Plug-and-Play, el CFW11 permite una instalaci\u00f3n simple y r\u00e1pida de sus accesorios.<br \/>\n\u2022 1.1 a 2.2 kW (1.5 a 3 HP) 200-240 V \u2013 Monof\u00e1sico<br \/>\n\u2022 1.1 a 55 kW (1.5 a 75 HP) 200-240 V \u2013 Trif\u00e1sico<br \/>\n\u2022 1.5 a 415 kW (2 a 600 HP) 380-480 V \u2013 Trif\u00e1sico<br \/>\n\u2022 1.5 a 630 kW (2 a 900 HP) 500-600 V \u2013 Trif\u00e1sico<br \/>\n\u2022 1.5 a 630 kW (3 a 900 HP) 660-690 V \u2013 Trif\u00e1sico<\/p>\n<\/div><\/div><\/div><\/div><\/div><\/div><\/section>\n<\/div>","protected":false},"excerpt":{"rendered":"Sistemas complejos necesitan del m\u00e1s avanzado convertidor de frecuencia. La serie CFW11 abarca un rango de potencia desde 1.1 a 630 kW (1.5 a 900 HP). Con tecnolog\u00eda de punta para control de motores de inducci\u00f3n trif\u00e1sicos y motores sincr\u00f3nicos de imanes permanentes &#8211; WMagnet, la l\u00ednea CFW11 objetiva el aumento de productividad para los...","protected":false},"featured_media":9393,"template":"","meta":[],"product_cat":[144,113,145],"product_tag":[],"acf":[],"_links":{"self":[{"href":"https:\/\/camousseight.cl\/index.php\/wp-json\/wp\/v2\/product\/9392"}],"collection":[{"href":"https:\/\/camousseight.cl\/index.php\/wp-json\/wp\/v2\/product"}],"about":[{"href":"https:\/\/camousseight.cl\/index.php\/wp-json\/wp\/v2\/types\/product"}],"wp:featuredmedia":[{"embeddable":true,"href":"https:\/\/camousseight.cl\/index.php\/wp-json\/wp\/v2\/media\/9393"}],"wp:attachment":[{"href":"https:\/\/camousseight.cl\/index.php\/wp-json\/wp\/v2\/media?parent=9392"}],"wp:term":[{"taxonomy":"product_cat","embeddable":true,"href":"https:\/\/camousseight.cl\/index.php\/wp-json\/wp\/v2\/product_cat?post=9392"},{"taxonomy":"product_tag","embeddable":true,"href":"https:\/\/camousseight.cl\/index.php\/wp-json\/wp\/v2\/product_tag?post=9392"}],"curies":[{"name":"wp","href":"https:\/\/api.w.org\/{rel}","templated":true}]}}