{"id":9404,"date":"2024-02-08T16:23:40","date_gmt":"2024-02-08T19:23:40","guid":{"rendered":"http:\/\/camousseight.cl\/?post_type=product&#038;p=9404"},"modified":"2024-02-09T17:56:34","modified_gmt":"2024-02-09T20:56:34","slug":"partidor-suave-weg-ssw-06","status":"publish","type":"product","link":"https:\/\/camousseight.cl\/index.php\/producto\/partidor-suave-weg-ssw-06\/","title":{"rendered":"PARTIDOR SUAVE WEG SSW-06"},"content":{"rendered":"<p style=\"text-align: justify;\">El Partidor Suave WEG SSW-06 es una soluci\u00f3n tecnol\u00f3gica que permite el arranque progresivo y suave de motores el\u00e9ctricos. Esto se traduce en una reducci\u00f3n del impacto el\u00e9ctrico y mec\u00e1nico que se produce durante el arranque de un motor el\u00e9ctrico convencional, disminuyendo as\u00ed el desgaste y aumentando la vida \u00fatil del motor. Adem\u00e1s, el SSW-06 contribuye al ahorro energ\u00e9tico y a la eficiencia energ\u00e9tica, lo que se traduce en un menor consumo de energ\u00eda el\u00e9ctrica y una mayor productividad en la industria.<\/p>\n<p style=\"text-align: justify;\">El SSW-06 es f\u00e1cil de instalar y configurar, lo que permite su implementaci\u00f3n en diferentes tipos de maquinarias y procesos industriales. Adem\u00e1s, cuenta con interfaces de comunicaci\u00f3n para integrarse con otros sistemas de control y supervisi\u00f3n. Esto hace posible su adaptaci\u00f3n a distintos entornos de trabajo y la posibilidad de personalizar su funcionamiento seg\u00fan las necesidades espec\u00edficas de cada usuario.<\/p>\n<p>&nbsp;<\/p>\n<p>&nbsp;<\/p>\n<div class=\"divtags\">\n<h1>Partidor suave<\/h1>\n<h1>Arrancador suave<\/h1>\n<h1>SSW-06<\/h1>\n<h1>Control de motores el\u00e9ctricos<\/h1>\n<h1>Ahorro energ\u00e9tico<\/h1>\n<h1>Eficiencia energ\u00e9tica<\/h1>\n<h1>Automatizaci\u00f3n industrial<\/h1>\n<h1>Tecnolog\u00eda de arranque suave<\/h1>\n<h1>Arrancadores de motores el\u00e9ctricos<\/h1>\n<h1>Protecci\u00f3n de motores<\/h1>\n<h1>Reducci\u00f3n del desgaste mec\u00e1nico<\/h1>\n<h1>Disminuci\u00f3n del impacto el\u00e9ctrico<\/h1>\n<h1>F\u00e1cil instalaci\u00f3n<\/h1>\n<h1>Interfaces de comunicaci\u00f3n<\/h1>\n<h1>Soluciones de control de movimiento<\/h1>\n<h1>Seguridad en el arranque y parada de motores<\/h1>\n<\/div>\n","protected":false},"excerpt":{"rendered":"<p>El Partidor Suave WEG SSW-06 es una soluci\u00f3n tecnol\u00f3gica que permite el arranque progresivo y suave de motores el\u00e9ctricos. Esto se traduce en una reducci\u00f3n del impacto el\u00e9ctrico y mec\u00e1nico que se produce durante el arranque de un motor el\u00e9ctrico convencional, disminuyendo as\u00ed el desgaste y aumentando la vida \u00fatil del motor. Adem\u00e1s, el SSW-06&#8230;<\/p>\n","protected":false},"featured_media":9406,"template":"","meta":[],"product_cat":[144,146,113],"product_tag":[],"acf":[],"_links":{"self":[{"href":"https:\/\/camousseight.cl\/index.php\/wp-json\/wp\/v2\/product\/9404"}],"collection":[{"href":"https:\/\/camousseight.cl\/index.php\/wp-json\/wp\/v2\/product"}],"about":[{"href":"https:\/\/camousseight.cl\/index.php\/wp-json\/wp\/v2\/types\/product"}],"wp:featuredmedia":[{"embeddable":true,"href":"https:\/\/camousseight.cl\/index.php\/wp-json\/wp\/v2\/media\/9406"}],"wp:attachment":[{"href":"https:\/\/camousseight.cl\/index.php\/wp-json\/wp\/v2\/media?parent=9404"}],"wp:term":[{"taxonomy":"product_cat","embeddable":true,"href":"https:\/\/camousseight.cl\/index.php\/wp-json\/wp\/v2\/product_cat?post=9404"},{"taxonomy":"product_tag","embeddable":true,"href":"https:\/\/camousseight.cl\/index.php\/wp-json\/wp\/v2\/product_tag?post=9404"}],"curies":[{"name":"wp","href":"https:\/\/api.w.org\/{rel}","templated":true}]}}