{"id":9412,"date":"2024-02-08T16:36:51","date_gmt":"2024-02-08T19:36:51","guid":{"rendered":"http:\/\/camousseight.cl\/?post_type=product&#038;p=9412"},"modified":"2024-02-08T17:03:32","modified_gmt":"2024-02-08T20:03:32","slug":"servicio-de-mantencion","status":"publish","type":"product","link":"https:\/\/camousseight.cl\/index.php\/producto\/servicio-de-mantencion\/","title":{"rendered":"SERVICIO DE MANTENCI\u00d3N"},"content":{"rendered":"","protected":false},"excerpt":{"rendered":"<div class=\"itemImageBlock\">\n<div class=\"div_btn_cotizador\" style=\"text-align: justify;\">\n<form action=\"http:\/\/camousseight.cl\/index.php\/es\/cotizador\" method=\"post\">Nuestra empresa, Servicio Autorizado WEG Brasil desde 2001, se ha comprometido a entregar a sus clientes el servicio de mantenci\u00f3n m\u00e1s completo del mercado, el cual consiste en utilizar materiales y mano de obra de primera calidad. Los elementos utilizados en nuestro taller son de calidades id\u00e9nticas a las utilizadas por el fabricante. Los rodamientos utilizados en nuestros servicios de mantenci\u00f3n\/reparaci\u00f3n son marca SKF, FAG o SNR. En caso que alguna parte o pieza de su motor est\u00e9 da\u00f1ada, se reemplazar\u00e1 por una pieza totalmente nueva, original de f\u00e1brica.<\/form>\n<\/div>\n<\/div>\n<div class=\"itemFullText\">\n<p>Nuestro compromiso es que cada motor que ingrese a nuestro taller salga lo m\u00e1s parecido a como fue fabricado.<\/p>\n<p>&nbsp;<\/p>\n<\/div>\n<div class=\"divtags\">\n<h1>Servicio de mantenimiento<\/h1>\n<h1>Equipos WEG<\/h1>\n<h1>Mantenimiento de motores el\u00e9ctricos<\/h1>\n<h1>Mantenimiento preventivo<\/h1>\n<h1>Servicio t\u00e9cnico especializado<\/h1>\n<h1>Mantenimiento de maquinaria industrial<\/h1>\n<h1>Servicio de reparaci\u00f3n<\/h1>\n<h1>Inspecci\u00f3n de equipos WEG<\/h1>\n<h1>Mantenimiento correctivo<\/h1>\n<h1>Soluciones de mantenimiento<\/h1>\n<h1>Mantenimiento predictivo<\/h1>\n<h1>Diagn\u00f3stico de fallos<\/h1>\n<h1>Reacondicionamiento de equipos<\/h1>\n<h1>Optimizaci\u00f3n de equipos<\/h1>\n<h1>Soporte t\u00e9cnico WEG<\/h1>\n<h1>Servicios de mantenimiento industrial<\/h1>\n<\/div>\n","protected":false},"featured_media":9413,"template":"","meta":[],"product_cat":[147],"product_tag":[],"acf":[],"_links":{"self":[{"href":"https:\/\/camousseight.cl\/index.php\/wp-json\/wp\/v2\/product\/9412"}],"collection":[{"href":"https:\/\/camousseight.cl\/index.php\/wp-json\/wp\/v2\/product"}],"about":[{"href":"https:\/\/camousseight.cl\/index.php\/wp-json\/wp\/v2\/types\/product"}],"wp:featuredmedia":[{"embeddable":true,"href":"https:\/\/camousseight.cl\/index.php\/wp-json\/wp\/v2\/media\/9413"}],"wp:attachment":[{"href":"https:\/\/camousseight.cl\/index.php\/wp-json\/wp\/v2\/media?parent=9412"}],"wp:term":[{"taxonomy":"product_cat","embeddable":true,"href":"https:\/\/camousseight.cl\/index.php\/wp-json\/wp\/v2\/product_cat?post=9412"},{"taxonomy":"product_tag","embeddable":true,"href":"https:\/\/camousseight.cl\/index.php\/wp-json\/wp\/v2\/product_tag?post=9412"}],"curies":[{"name":"wp","href":"https:\/\/api.w.org\/{rel}","templated":true}]}}