{"id":9426,"date":"2024-02-08T16:45:59","date_gmt":"2024-02-08T19:45:59","guid":{"rendered":"http:\/\/camousseight.cl\/?post_type=product&#038;p=9426"},"modified":"2024-02-09T12:38:04","modified_gmt":"2024-02-09T15:38:04","slug":"partidor-suave-weg-ssw-06-2","status":"publish","type":"product","link":"https:\/\/camousseight.cl\/index.php\/producto\/partidor-suave-weg-ssw-06-2\/","title":{"rendered":"PARTIDOR SUAVE WEG SSW-06"},"content":{"rendered":"<div class=\"wpb-content-wrapper\"><section class=\"l-section wpb_row height_auto width_full\"><div class=\"l-section-h i-cf\"><div class=\"g-cols vc_row via_grid cols_1 laptops-cols_inherit tablets-cols_inherit mobiles-cols_1 valign_top type_default stacking_default\"><div class=\"wpb_column vc_column_container\"><div class=\"vc_column-inner\"><div class=\"wpb_text_column\"><div class=\"wpb_wrapper\"><p>Los Arrancadores Suaves WEG, SSW-06, son microprocesados y fueron proyectados para garantizar el mejor desempe\u00f1o en el arranque y parada de los motores de inducci\u00f3n. Potencia de 350 hasta 2500 HP.<br \/>\nLos Arrancadores Suaves, serie SSW-06, son equipos est\u00e1ticos de arranque, destinados a la aceleraci\u00f3n, desaceleraci\u00f3n y protecci\u00f3n de motores de inducci\u00f3n trif\u00e1sicos. El control de tensi\u00f3n aplicado al motor, bajo el ajuste del \u00e1ngulo de disparo de los tiristores, permite obtener arranques y paradas suaves.<br \/>\nCon el adecuado ajuste de las variables, el par &#8211; torque producido es ajustado a la necesidad de la carga, garantizando que la corriente solicitada sea la m\u00ednima necesaria para el arranque.<br \/>\nLos Arrancadores Suaves WEG, serie SSW-06, son microprocesados, totalmente digitales, dotados de tecnolog\u00eda de punta y fueron proyectados para garantizar el mejor desempe\u00f1o en el arranque y parada de los motores de inducci\u00f3n, present\u00e1ndose como una soluci\u00f3n completa y de bajo costo.<br \/>\nLa Interface Hombre M\u00e1quina permite r\u00e1pido ajuste de los par\u00e1metros, facilitando la puesta en marcha y la operaci\u00f3n. La funci\u00f3n Pump Control est\u00e1 incorporada al equipo y permite un eficaz control del arranque de bombas, evitando los Golpes de Ariete. La funci\u00f3n control de par &#8211; torque, permite aceleraciones y desaceleraciones con rampa linear de velocidad.<\/p>\n<p><i>\u00a1Nota!: Los Arrancadores Suaves de la Serie SSW06 fueron proyectados exclusivamente para utilizaci\u00f3n industrial o profesional<\/i><\/p>\n<\/div><\/div><\/div><\/div><\/div><\/div><\/section>\n<\/div>","protected":false},"excerpt":{"rendered":"Los Arrancadores Suaves WEG, SSW-06, son microprocesados y fueron proyectados para garantizar el mejor desempe\u00f1o en el arranque y parada de los motores de inducci\u00f3n. Potencia de 350 hasta 2500 HP. Los Arrancadores Suaves, serie SSW-06, son equipos est\u00e1ticos de arranque, destinados a la aceleraci\u00f3n, desaceleraci\u00f3n y protecci\u00f3n de motores de inducci\u00f3n trif\u00e1sicos. El control...","protected":false},"featured_media":9429,"template":"","meta":[],"product_cat":[144,146,113],"product_tag":[],"acf":[],"_links":{"self":[{"href":"https:\/\/camousseight.cl\/index.php\/wp-json\/wp\/v2\/product\/9426"}],"collection":[{"href":"https:\/\/camousseight.cl\/index.php\/wp-json\/wp\/v2\/product"}],"about":[{"href":"https:\/\/camousseight.cl\/index.php\/wp-json\/wp\/v2\/types\/product"}],"wp:featuredmedia":[{"embeddable":true,"href":"https:\/\/camousseight.cl\/index.php\/wp-json\/wp\/v2\/media\/9429"}],"wp:attachment":[{"href":"https:\/\/camousseight.cl\/index.php\/wp-json\/wp\/v2\/media?parent=9426"}],"wp:term":[{"taxonomy":"product_cat","embeddable":true,"href":"https:\/\/camousseight.cl\/index.php\/wp-json\/wp\/v2\/product_cat?post=9426"},{"taxonomy":"product_tag","embeddable":true,"href":"https:\/\/camousseight.cl\/index.php\/wp-json\/wp\/v2\/product_tag?post=9426"}],"curies":[{"name":"wp","href":"https:\/\/api.w.org\/{rel}","templated":true}]}}