{"id":9431,"date":"2024-02-08T16:51:33","date_gmt":"2024-02-08T19:51:33","guid":{"rendered":"http:\/\/camousseight.cl\/?post_type=product&#038;p=9431"},"modified":"2024-02-09T12:38:54","modified_gmt":"2024-02-09T15:38:54","slug":"partidor-suave-weg-ssw-05","status":"publish","type":"product","link":"https:\/\/camousseight.cl\/index.php\/producto\/partidor-suave-weg-ssw-05\/","title":{"rendered":"PARTIDOR SUAVE WEG SSW-05"},"content":{"rendered":"<div class=\"wpb-content-wrapper\"><section class=\"l-section wpb_row height_auto width_full\"><div class=\"l-section-h i-cf\"><div class=\"g-cols vc_row via_grid cols_1 laptops-cols_inherit tablets-cols_inherit mobiles-cols_1 valign_top type_default stacking_default\"><div class=\"wpb_column vc_column_container\"><div class=\"vc_column-inner\"><div class=\"wpb_text_column\"><div class=\"wpb_wrapper\"><p>Soft-Starters son arrancadores est\u00e1ticos proyectados para aceleraci\u00f3n deceleraci\u00f3n y protecci\u00f3n de motores el\u00e9ctricos de inducci\u00f3n trif\u00e1sicos a trav\u00e9s del control de la tensi\u00f3n aplicada al motor.<\/p>\n<p>Las Micro Soft-Starters SSW-05 Plus con control DSP (Digital Signal Processor) fueron proyectadas para garantizar \u00f3ptimo desempe\u00f1o en el arranque y parada de motores con excelente relaci\u00f3n costo beneficio.<br \/>\nPermitiendo f\u00e1cil ajuste, simplifica las actividades de start-up y operaciones cotidianas. Las Micro Soft-Starters SSW-05 Plus son compactas, contribuyendo para la optimizaci\u00f3n de espacios en tableros el\u00e9ctricos.<br \/>\nLa Micro Soft-Starter SSW-05 Plus ya incorpora todas las protecciones para su motor el\u00e9ctrico.<br \/>\n<i>\u00a1Nota!: Los Arrancadores Suaves de la Serie SSW05 fueron proyectados exclusivamente para utilizaci\u00f3n industrial o profesional.<\/i><\/p>\n<\/div><\/div><\/div><\/div><\/div><\/div><\/section>\n<\/div>","protected":false},"excerpt":{"rendered":"Soft-Starters son arrancadores est\u00e1ticos proyectados para aceleraci\u00f3n deceleraci\u00f3n y protecci\u00f3n de motores el\u00e9ctricos de inducci\u00f3n trif\u00e1sicos a trav\u00e9s del control de la tensi\u00f3n aplicada al motor. Las Micro Soft-Starters SSW-05 Plus con control DSP (Digital Signal Processor) fueron proyectadas para garantizar \u00f3ptimo desempe\u00f1o en el arranque y parada de motores con excelente relaci\u00f3n costo beneficio....","protected":false},"featured_media":9432,"template":"","meta":[],"product_cat":[144,146,113],"product_tag":[],"acf":[],"_links":{"self":[{"href":"https:\/\/camousseight.cl\/index.php\/wp-json\/wp\/v2\/product\/9431"}],"collection":[{"href":"https:\/\/camousseight.cl\/index.php\/wp-json\/wp\/v2\/product"}],"about":[{"href":"https:\/\/camousseight.cl\/index.php\/wp-json\/wp\/v2\/types\/product"}],"wp:featuredmedia":[{"embeddable":true,"href":"https:\/\/camousseight.cl\/index.php\/wp-json\/wp\/v2\/media\/9432"}],"wp:attachment":[{"href":"https:\/\/camousseight.cl\/index.php\/wp-json\/wp\/v2\/media?parent=9431"}],"wp:term":[{"taxonomy":"product_cat","embeddable":true,"href":"https:\/\/camousseight.cl\/index.php\/wp-json\/wp\/v2\/product_cat?post=9431"},{"taxonomy":"product_tag","embeddable":true,"href":"https:\/\/camousseight.cl\/index.php\/wp-json\/wp\/v2\/product_tag?post=9431"}],"curies":[{"name":"wp","href":"https:\/\/api.w.org\/{rel}","templated":true}]}}