{"id":9434,"date":"2024-02-08T16:53:00","date_gmt":"2024-02-08T19:53:00","guid":{"rendered":"http:\/\/camousseight.cl\/?post_type=product&#038;p=9434"},"modified":"2024-02-09T17:58:45","modified_gmt":"2024-02-09T20:58:45","slug":"tapa-delantera-weg","status":"publish","type":"product","link":"https:\/\/camousseight.cl\/index.php\/producto\/tapa-delantera-weg\/","title":{"rendered":"TAPA DELANTERA WEG"},"content":{"rendered":"<p style=\"text-align: justify;\">En la gama del W22 la tapa delantera est\u00e1 dise\u00f1ada utilizando el software de An\u00e1lisis de Elementos Finitos, lo que da como resultado un dise\u00f1o m\u00e1s fuerte y expone los rodamientos a un \u00e1rea de disipaci\u00f3n mayor. Tambi\u00e9n las aletas de la tapa delantera est\u00e1n situadas en el punto de mayor concentraci\u00f3n de calor, lo que permite temperaturas reducidas a los rodamientos.<\/p>\n<p style=\"text-align: justify;\">La tapa delantera posee aletas para mejorar la disipaci\u00f3n t\u00e9rmica y permitir temperaturas de operaci\u00f3n en el cojinete reducidas, lo que auxilia en el aumento de los intervalos de lubricaci\u00f3n.<\/p>\n<p style=\"text-align: justify;\">Para las carcasas 225S\/M a 355A\/B, donde la ventilaci\u00f3n es cr\u00edtica para el desempe\u00f1o t\u00e9rmico del motor, los tornillos de fijaci\u00f3n de las tapas est\u00e1n ubicados de modo a no bloquear el flujo de aire hacia ninguna aleta, contribuyendo as\u00ed para un mejor intercambio t\u00e9rmico.<\/p>\n<p>&nbsp;<\/p>\n<p>&nbsp;<\/p>\n<div class=\"divtags\">\n<h1>Tapa delantera WEG<\/h1>\n<h1>Repuestos originales WEG<\/h1>\n<h1>Componentes para motores el\u00e9ctricos<\/h1>\n<h1>Calidad y durabilidad garantizada<\/h1>\n<h1>Ajuste y funcionamiento perfecto<\/h1>\n<h1>Amplia variedad de modelos y tama\u00f1os<\/h1>\n<h1>Fabricaci\u00f3n con materiales resistentes y de alta calidad<\/h1>\n<h1>Pieza fundamental para el correcto funcionamiento de motores el\u00e9ctricos<\/h1>\n<h1>Accesorios para motores el\u00e9ctricos<\/h1>\n<h1>F\u00e1cil instalaci\u00f3n y mantenimiento<\/h1>\n<h1>Soluci\u00f3n para reemplazo de tapa delantera<\/h1>\n<h1>Garant\u00eda del fabricante<\/h1>\n<h1>Reducci\u00f3n de costos a largo plazo<\/h1>\n<h1>Componente esencial para procesos industriales<\/h1>\n<h1>Compatibilidad con diferentes marcas y modelos de motores el\u00e9ctricos<\/h1>\n<h1>Aumento de la vida \u00fatil de los motores el\u00e9ctricos<\/h1>\n<\/div>\n","protected":false},"excerpt":{"rendered":"<p>En la gama del W22 la tapa delantera est\u00e1 dise\u00f1ada utilizando el software de An\u00e1lisis de Elementos Finitos, lo que da como resultado un dise\u00f1o m\u00e1s fuerte y expone los rodamientos a un \u00e1rea de disipaci\u00f3n mayor. Tambi\u00e9n las aletas de la tapa delantera est\u00e1n situadas en el punto de mayor concentraci\u00f3n de calor, lo&#8230;<\/p>\n","protected":false},"featured_media":9436,"template":"","meta":[],"product_cat":[113,148],"product_tag":[],"acf":[],"_links":{"self":[{"href":"https:\/\/camousseight.cl\/index.php\/wp-json\/wp\/v2\/product\/9434"}],"collection":[{"href":"https:\/\/camousseight.cl\/index.php\/wp-json\/wp\/v2\/product"}],"about":[{"href":"https:\/\/camousseight.cl\/index.php\/wp-json\/wp\/v2\/types\/product"}],"wp:featuredmedia":[{"embeddable":true,"href":"https:\/\/camousseight.cl\/index.php\/wp-json\/wp\/v2\/media\/9436"}],"wp:attachment":[{"href":"https:\/\/camousseight.cl\/index.php\/wp-json\/wp\/v2\/media?parent=9434"}],"wp:term":[{"taxonomy":"product_cat","embeddable":true,"href":"https:\/\/camousseight.cl\/index.php\/wp-json\/wp\/v2\/product_cat?post=9434"},{"taxonomy":"product_tag","embeddable":true,"href":"https:\/\/camousseight.cl\/index.php\/wp-json\/wp\/v2\/product_tag?post=9434"}],"curies":[{"name":"wp","href":"https:\/\/api.w.org\/{rel}","templated":true}]}}