{"id":9441,"date":"2024-02-08T16:57:23","date_gmt":"2024-02-08T19:57:23","guid":{"rendered":"http:\/\/camousseight.cl\/?post_type=product&#038;p=9441"},"modified":"2024-02-09T18:00:46","modified_gmt":"2024-02-09T21:00:46","slug":"tapa-trasera-weg","status":"publish","type":"product","link":"https:\/\/camousseight.cl\/index.php\/producto\/tapa-trasera-weg\/","title":{"rendered":"TAPA TRASERA WEG"},"content":{"rendered":"<p style=\"text-align: justify;\">Las tapas son elementos fundamentales para el motor, de manera que el par generado es transmitido a la carga de forma eficaz y confiable. El dise\u00f1o de la tapa debe tener en cuenta las caracter\u00edsticas dimensionales de las superficies de interfaz mec\u00e1nica y la disipaci\u00f3n de calor.<br \/>\nPara evitar corrientes circulantes en los rodamientos se acepta generalmente aislar uno de los rodamientos de la m\u00e1quina y cortocircuitar el eje y la carcasa en el otro rodamiento. Normalmente se utilizan un rodamiento aislado y una escobilla de puesta a tierra para esta funci\u00f3n. Los rodamientos aislados son caros y tienen tendencia a desgastarse, lo que significa que deben ser reemplazados.Los motores W22 pueden armarse con una tapa trasera donde el cojinete est\u00e9 aislado. Este componente no se desgasta y garantiza m\u00e1s horas de operaci\u00f3n.<br \/>\nAunque est\u00e1n disponibles desde 225S\/M hacia adelante, WEG recomienda rodamientos aislados el\u00e9ctricamente para tama\u00f1os de carcasa a partir del 315. Siga siempre las directrices VFD de WEG para una operaci\u00f3n larga y segura.<\/p>\n<p>&nbsp;<\/p>\n<p>&nbsp;<\/p>\n<div class=\"divtags\">\n<h1>Tapa trasera WEG<\/h1>\n<h1>Accesorios para motores WEG<\/h1>\n<h1>Componentes de motores el\u00e9ctricos WEG<\/h1>\n<h1>Tapa trasera de alta calidad para motores WEG<\/h1>\n<h1>Piezas de repuesto para motores WEG<\/h1>\n<h1>Tapa trasera de metal para motores WEG<\/h1>\n<h1>Tapa trasera para motores trif\u00e1sicos WEG<\/h1>\n<h1>Tapa trasera para motores monof\u00e1sicos WEG<\/h1>\n<h1>Tapa trasera para motores de alta potencia WEG<\/h1>\n<h1>Tapa trasera para motores de baja potencia WEG<\/h1>\n<h1>Tapa trasera para motores industriales WEG<\/h1>\n<h1>Tapa trasera para motores el\u00e9ctricos WEG<\/h1>\n<h1>Tapa trasera resistente al calor para motores WEG<\/h1>\n<h1>Tapa trasera resistente a la corrosi\u00f3n para motores WEG<\/h1>\n<h1>Tapa trasera duradera para motores WEG<\/h1>\n<h1>Tapa trasera de alta resistencia para motores WEG<\/h1>\n<\/div>\n","protected":false},"excerpt":{"rendered":"<p>Las tapas son elementos fundamentales para el motor, de manera que el par generado es transmitido a la carga de forma eficaz y confiable. El dise\u00f1o de la tapa debe tener en cuenta las caracter\u00edsticas dimensionales de las superficies de interfaz mec\u00e1nica y la disipaci\u00f3n de calor. Para evitar corrientes circulantes en los rodamientos se&#8230;<\/p>\n","protected":false},"featured_media":9455,"template":"","meta":[],"product_cat":[113,148],"product_tag":[],"acf":[],"_links":{"self":[{"href":"https:\/\/camousseight.cl\/index.php\/wp-json\/wp\/v2\/product\/9441"}],"collection":[{"href":"https:\/\/camousseight.cl\/index.php\/wp-json\/wp\/v2\/product"}],"about":[{"href":"https:\/\/camousseight.cl\/index.php\/wp-json\/wp\/v2\/types\/product"}],"wp:featuredmedia":[{"embeddable":true,"href":"https:\/\/camousseight.cl\/index.php\/wp-json\/wp\/v2\/media\/9455"}],"wp:attachment":[{"href":"https:\/\/camousseight.cl\/index.php\/wp-json\/wp\/v2\/media?parent=9441"}],"wp:term":[{"taxonomy":"product_cat","embeddable":true,"href":"https:\/\/camousseight.cl\/index.php\/wp-json\/wp\/v2\/product_cat?post=9441"},{"taxonomy":"product_tag","embeddable":true,"href":"https:\/\/camousseight.cl\/index.php\/wp-json\/wp\/v2\/product_tag?post=9441"}],"curies":[{"name":"wp","href":"https:\/\/api.w.org\/{rel}","templated":true}]}}