{"id":9465,"date":"2024-02-08T17:06:59","date_gmt":"2024-02-08T20:06:59","guid":{"rendered":"http:\/\/camousseight.cl\/?post_type=product&#038;p=9465"},"modified":"2024-02-08T17:07:51","modified_gmt":"2024-02-08T20:07:51","slug":"servicio-de-bobinado","status":"publish","type":"product","link":"https:\/\/camousseight.cl\/index.php\/producto\/servicio-de-bobinado\/","title":{"rendered":"SERVICIO DE BOBINADO"},"content":{"rendered":"","protected":false},"excerpt":{"rendered":"<p style=\"text-align: justify;\">Nuestra empresa est\u00e1 preparada para realizar nuevos bobinados a motores da\u00f1ados o que requieran de Tensiones, Frecuencias o Clases de Aislaci\u00f3n diferentes a las cuales fueron dise\u00f1ados.<br \/>\nUtilizamos Alambres Esmaltados con 2 o 3 capas de Aislaci\u00f3n (efecto corona) aptos para motores con partida directa, partidor suave o variador de frecuencia. Junto con eso impregnamos nuestros bobinados con Barnices WEG Lacktherm clase B, F o H seg\u00fan sea necesario.<br \/>\nLos papeles aislantes utilizados son Nomex Mylar Nomex o superiores.<br \/>\nPara protecci\u00f3n adicional de los bobinados, podemos aplicar una capa adicional en base a Resina WEGPoxi ERD322 (Tropicalizado) est\u00e1ndar para motores norma IEEE-841.<br \/>\nContamos con Sondas T\u00e9rmica Triplo PTC-155\u00b0C para protecci\u00f3n t\u00e9rmica de sus motores. Para controlar la Sonda T\u00e9rmica tenemos tambi\u00e9n el Rel\u00e9 Electr\u00f3nico WEG RPW-PTC esto asegura la protecci\u00f3n t\u00e9rmica de su motor.<\/p>\n<p>&nbsp;<\/p>\n<div class=\"divtags\">\n<h1>Servicio de bobinado<\/h1>\n<h1>Bobinado de equipos WEG<\/h1>\n<h1>Reparaci\u00f3n de motores el\u00e9ctricos<\/h1>\n<h1>Enrollado de motores WEG<\/h1>\n<h1>Servicio t\u00e9cnico especializado<\/h1>\n<h1>Rebobinado de motores el\u00e9ctricos<\/h1>\n<h1>Servicio de mantenimiento<\/h1>\n<h1>Mantenimiento preventivo<\/h1>\n<h1>Mantenimiento correctivo<\/h1>\n<h1>Inspecci\u00f3n de equipos WEG<\/h1>\n<h1>Diagn\u00f3stico de fallos<\/h1>\n<h1>Soluciones de bobinado<\/h1>\n<h1>Enrollado de generadores el\u00e9ctricos WEG<\/h1>\n<h1>Optimizaci\u00f3n de equipos<\/h1>\n<h1>Reacondicionamiento de motores WEG<\/h1>\n<h1>Servicios de reparaci\u00f3n industrial<\/h1>\n<\/div>\n","protected":false},"featured_media":9468,"template":"","meta":[],"product_cat":[147],"product_tag":[],"acf":[],"_links":{"self":[{"href":"https:\/\/camousseight.cl\/index.php\/wp-json\/wp\/v2\/product\/9465"}],"collection":[{"href":"https:\/\/camousseight.cl\/index.php\/wp-json\/wp\/v2\/product"}],"about":[{"href":"https:\/\/camousseight.cl\/index.php\/wp-json\/wp\/v2\/types\/product"}],"wp:featuredmedia":[{"embeddable":true,"href":"https:\/\/camousseight.cl\/index.php\/wp-json\/wp\/v2\/media\/9468"}],"wp:attachment":[{"href":"https:\/\/camousseight.cl\/index.php\/wp-json\/wp\/v2\/media?parent=9465"}],"wp:term":[{"taxonomy":"product_cat","embeddable":true,"href":"https:\/\/camousseight.cl\/index.php\/wp-json\/wp\/v2\/product_cat?post=9465"},{"taxonomy":"product_tag","embeddable":true,"href":"https:\/\/camousseight.cl\/index.php\/wp-json\/wp\/v2\/product_tag?post=9465"}],"curies":[{"name":"wp","href":"https:\/\/api.w.org\/{rel}","templated":true}]}}