{"id":9472,"date":"2024-02-08T17:11:47","date_gmt":"2024-02-08T20:11:47","guid":{"rendered":"http:\/\/camousseight.cl\/?post_type=product&#038;p=9472"},"modified":"2024-02-12T09:26:39","modified_gmt":"2024-02-12T12:26:39","slug":"ventilador-weg","status":"publish","type":"product","link":"https:\/\/camousseight.cl\/index.php\/producto\/ventilador-weg\/","title":{"rendered":"VENTILADOR WEG"},"content":{"rendered":"<div class=\"wpb-content-wrapper\"><section class=\"l-section wpb_row height_auto\"><div class=\"l-section-h i-cf\"><div class=\"g-cols vc_row via_grid cols_1 laptops-cols_inherit tablets-cols_inherit mobiles-cols_1 valign_top type_default stacking_default\"><div class=\"wpb_column vc_column_container\"><div class=\"vc_column-inner\"><div class=\"wpb_text_column\"><div class=\"wpb_wrapper\"><p style=\"text-align: justify;\">El sistema de refrigeraci\u00f3n de la gama W22, compuesto por ventilador, tapa deflectora y carcasa el motor est\u00e1 optimizado proporcionando una excelente disipaci\u00f3n de calor. Esto permite temperaturas de operaci\u00f3n reducidas que no llevan hasta sus l\u00edmites al material de aislamiento. Tambi\u00e9n elimina cualquier punto caliente, proporcionando una distribuci\u00f3n de temperatura uniforme a lo largo de la carcasa.<\/p>\n<p style=\"text-align: justify;\">Con los motores W22, el sistema de refrigeraci\u00f3n se ha dise\u00f1ado para un equilibrio \u00f3ptimo del flujo de aire y nivel de ruido. El ventilador proporciona cantidades mayores de aire para enfriar el motor y la tapa deflectora, con su dise\u00f1o aerodin\u00e1mico, est\u00e1 dise\u00f1ada para evitar la recirculaci\u00f3n del aire (p\u00e9rdida de rendimiento) y dirigir mejor el flujo de aire a trav\u00e9s de las aletas del motor. Como resultado, toda nuestra gama de 50 Hz est\u00e1 limitada a 80 dB(A) a 1 m del motor sin comprometer la flexibilidad: todos los ventiladores son bidireccionales.<\/p>\n<p>&nbsp;<\/p>\n<div class=\"divtags\">\n<h1>Ventilador de motores WEG<\/h1>\n<h1>Ventilaci\u00f3n industrial<\/h1>\n<h1>Ventiladores industriales<\/h1>\n<h1>Ventiladores axiales<\/h1>\n<h1>Ventiladores centr\u00edfugos<\/h1>\n<h1>Ventiladores para la industria pesada<\/h1>\n<h1>Ventiladores de alta eficiencia<\/h1>\n<h1>Ventiladores de alto rendimiento<\/h1>\n<h1>Ventiladores de gran caudal<\/h1>\n<h1>Sistemas de ventilaci\u00f3n WEG<\/h1>\n<h1>Tecnolog\u00eda de ventiladores WEG<\/h1>\n<h1>Soluciones de ventilaci\u00f3n para motores WEG<\/h1>\n<h1>Ventiladores para la industria automotriz<\/h1>\n<h1>Ventiladores para la industria de la construcci\u00f3n<\/h1>\n<h1>Ventiladores para la industria minera<\/h1>\n<h1>Ventiladores para la industria petrolera<\/h1>\n<\/div>\n<\/div><\/div><\/div><\/div><\/div><\/div><\/section>\n<\/div>","protected":false},"excerpt":{"rendered":"El sistema de refrigeraci\u00f3n de la gama W22, compuesto por ventilador, tapa deflectora y carcasa el motor est\u00e1 optimizado proporcionando una excelente disipaci\u00f3n de calor. Esto permite temperaturas de operaci\u00f3n reducidas que no llevan hasta sus l\u00edmites al material de aislamiento. Tambi\u00e9n elimina cualquier punto caliente, proporcionando una distribuci\u00f3n de temperatura uniforme a lo largo...","protected":false},"featured_media":9473,"template":"","meta":[],"product_cat":[113,148],"product_tag":[],"acf":[],"_links":{"self":[{"href":"https:\/\/camousseight.cl\/index.php\/wp-json\/wp\/v2\/product\/9472"}],"collection":[{"href":"https:\/\/camousseight.cl\/index.php\/wp-json\/wp\/v2\/product"}],"about":[{"href":"https:\/\/camousseight.cl\/index.php\/wp-json\/wp\/v2\/types\/product"}],"wp:featuredmedia":[{"embeddable":true,"href":"https:\/\/camousseight.cl\/index.php\/wp-json\/wp\/v2\/media\/9473"}],"wp:attachment":[{"href":"https:\/\/camousseight.cl\/index.php\/wp-json\/wp\/v2\/media?parent=9472"}],"wp:term":[{"taxonomy":"product_cat","embeddable":true,"href":"https:\/\/camousseight.cl\/index.php\/wp-json\/wp\/v2\/product_cat?post=9472"},{"taxonomy":"product_tag","embeddable":true,"href":"https:\/\/camousseight.cl\/index.php\/wp-json\/wp\/v2\/product_tag?post=9472"}],"curies":[{"name":"wp","href":"https:\/\/api.w.org\/{rel}","templated":true}]}}