{"id":9475,"date":"2024-02-08T17:15:09","date_gmt":"2024-02-08T20:15:09","guid":{"rendered":"http:\/\/camousseight.cl\/?post_type=product&#038;p=9475"},"modified":"2024-02-12T09:28:14","modified_gmt":"2024-02-12T12:28:14","slug":"sonda-termistor-ptc-weg","status":"publish","type":"product","link":"https:\/\/camousseight.cl\/index.php\/producto\/sonda-termistor-ptc-weg\/","title":{"rendered":"SONDA TERMISTOR PTC WEG"},"content":{"rendered":"<div class=\"wpb-content-wrapper\"><section class=\"l-section wpb_row height_auto\"><div class=\"l-section-h i-cf\"><div class=\"g-cols vc_row via_grid cols_1 laptops-cols_inherit tablets-cols_inherit mobiles-cols_1 valign_top type_default stacking_default\"><div class=\"wpb_column vc_column_container\"><div class=\"vc_column-inner\"><div class=\"wpb_text_column\"><div class=\"wpb_wrapper\"><p style=\"text-align: justify;\">Los termistores son dispositivos hechos de materiales semiconductores, cuya resistencia var\u00eda acentuadamente con la temperatura.<\/p>\n<p style=\"text-align: justify;\">El termistor \u201cPTC\u201d presenta aumento de la resistencia con el aumento de la temperatura y algunos son caracterizados porque tal aumento es abrupto, lo que los torna \u00fatiles en dispositivos de protecci\u00f3n de sobrecalentamiento. La brusca variaci\u00f3n en la resistencia interrumpe la corriente en el PTC, accionando un rel\u00e9 de salida, lo cual apaga el circuito principal.<\/p>\n<p style=\"text-align: justify;\">Los termistores pueden ser usados para alarma y apagado. En ese caso, son necesarios dos termistores, conectados en serie, por fase. Los termistores poseen tama\u00f1o reducido, no sufren desgastes mec\u00e1nicos y tienen una respuesta m\u00e1s r\u00e1pida en relaci\u00f3n a los otros detectores, aunque no permitan un seguimiento continuo del proceso de calentamiento del motor.<\/p>\n<p style=\"text-align: justify;\">Los termistores, con sus respectivos circuitos electr\u00f3nicos de control, ofrecen protecci\u00f3n completa contra sobrecalentamiento producido por falta de fase, sobrecarga, sub o sobretensiones y operaciones frecuentes de reversi\u00f3n o enciende-apaga. Poseen bajo costo, cuando son comparados al del tipo Pt-100, sin embargo, necesitan de rel\u00e9 para comando de la actuaci\u00f3n de la alarma o de la operaci\u00f3n.<\/p>\n<p style=\"text-align: justify;\">WEG posee el rel\u00e9 electr\u00f3nico RPW que tiene a funci\u00f3n espec\u00edfica de adquirir la se\u00f1al del PTC y actuar su rel\u00e9 de salida.<\/p>\n<p>&nbsp;<\/p>\n<div class=\"divtags\">\n<h1>Sonda termistor PTC WEG<\/h1>\n<h1>Sensores de temperatura WEG<\/h1>\n<h1>Tecnolog\u00eda de sensores WEG<\/h1>\n<h1>Componentes de control de temperatura<\/h1>\n<h1>Control de temperatura industrial<\/h1>\n<h1>Termistores para la industria<\/h1>\n<h1>Tecnolog\u00eda de medici\u00f3n de temperatura WEG<\/h1>\n<h1>Soluciones de temperatura WEG<\/h1>\n<h1>Sensores de temperatura para la industria alimentaria<\/h1>\n<h1>Sensores de temperatura para la industria qu\u00edmica<\/h1>\n<h1>Sensores de temperatura para la industria farmac\u00e9utica<\/h1>\n<h1>Sensores de temperatura para la industria petrolera<\/h1>\n<h1>Sensores de temperatura para la industria minera<\/h1>\n<h1>Sistemas de control de temperatura WEG<\/h1>\n<h1>Soluciones de control de temperatura para motores WEG<\/h1>\n<h1>Tecnolog\u00eda de sensores para motores WEG<\/h1>\n<\/div>\n<\/div><\/div><\/div><\/div><\/div><\/div><\/section>\n<\/div>","protected":false},"excerpt":{"rendered":"Los termistores son dispositivos hechos de materiales semiconductores, cuya resistencia var\u00eda acentuadamente con la temperatura. El termistor \u201cPTC\u201d presenta aumento de la resistencia con el aumento de la temperatura y algunos son caracterizados porque tal aumento es abrupto, lo que los torna \u00fatiles en dispositivos de protecci\u00f3n de sobrecalentamiento. La brusca variaci\u00f3n en la resistencia...","protected":false},"featured_media":9476,"template":"","meta":[],"product_cat":[149,113],"product_tag":[],"acf":[],"_links":{"self":[{"href":"https:\/\/camousseight.cl\/index.php\/wp-json\/wp\/v2\/product\/9475"}],"collection":[{"href":"https:\/\/camousseight.cl\/index.php\/wp-json\/wp\/v2\/product"}],"about":[{"href":"https:\/\/camousseight.cl\/index.php\/wp-json\/wp\/v2\/types\/product"}],"wp:featuredmedia":[{"embeddable":true,"href":"https:\/\/camousseight.cl\/index.php\/wp-json\/wp\/v2\/media\/9476"}],"wp:attachment":[{"href":"https:\/\/camousseight.cl\/index.php\/wp-json\/wp\/v2\/media?parent=9475"}],"wp:term":[{"taxonomy":"product_cat","embeddable":true,"href":"https:\/\/camousseight.cl\/index.php\/wp-json\/wp\/v2\/product_cat?post=9475"},{"taxonomy":"product_tag","embeddable":true,"href":"https:\/\/camousseight.cl\/index.php\/wp-json\/wp\/v2\/product_tag?post=9475"}],"curies":[{"name":"wp","href":"https:\/\/api.w.org\/{rel}","templated":true}]}}