{"id":9477,"date":"2024-02-08T17:16:24","date_gmt":"2024-02-08T20:16:24","guid":{"rendered":"http:\/\/camousseight.cl\/?post_type=product&#038;p=9477"},"modified":"2024-02-08T17:16:26","modified_gmt":"2024-02-08T20:16:26","slug":"servicio-de-modificacion-de-motores","status":"publish","type":"product","link":"https:\/\/camousseight.cl\/index.php\/producto\/servicio-de-modificacion-de-motores\/","title":{"rendered":"SERVICIO DE MODIFICACI\u00d3N DE MOTORES"},"content":{"rendered":"","protected":false},"excerpt":{"rendered":"<p style=\"text-align: justify;\">Nuestra empresa est\u00e1 calificada para realizar una serie de modificaciones el\u00e9ctricas y mec\u00e1nicas en los motores el\u00e9ctricos WEG.<br \/>\nLas m\u00e1s com\u00fan es modificar las formas constructivas de los motores, por ejemplo: B3 (horizontal, con patas, sin flange) B5 o B14 (horizontal, sin patas, con flange), V1 (vertical hacia abajo, sin patas con flange), V6 (vertical hacia abajo, con patas, sin flange), etc.<br \/>\nUna de las modificaciones solicitadas por empresa proveedores de la miner\u00eda es la modificaci\u00f3n de Voltajes desde 380V a otras tensiones trif\u00e1sicas (440, 460, 480, 575, 600, 690V, etc) o de Frecuencia de 50 a 60Hz para motores de proyectos a utilizar fuera de Chile. Otras modificaciones es el cambio de rodamientos seg\u00fan el tipo de aplicaci\u00f3n a utilizar del motor. Por ejemplo: Rodamiento tipo NU (rodillo cil\u00edndrico), para acoplamiento por polea y correas, Rodamiento tipo Contacto Angular para motores en posici\u00f3n vertical, etc.<br \/>\nCada servicio cuenta con pruebas en Vac\u00edo para verificaci\u00f3n del correcto armado y consumo de corrientes en vac\u00edo del motor modificado.<\/p>\n<p>&nbsp;<\/p>\n<div class=\"divtags\">\n<h1>Servicios de modificaci\u00f3n<\/h1>\n<h1>Modificaci\u00f3n de motores el\u00e9ctricos<\/h1>\n<h1>Reparaci\u00f3n de motores el\u00e9ctricos WEG<\/h1>\n<h1>Servicio t\u00e9cnico especializado<\/h1>\n<h1>Ajuste de motores WEG<\/h1>\n<h1>Modificaci\u00f3n de bobinados<\/h1>\n<h1>Mejora de eficiencia energ\u00e9tica<\/h1>\n<h1>Modificaci\u00f3n de controladores<\/h1>\n<h1>Servicio de mantenimiento<\/h1>\n<h1>Modificaci\u00f3n de motores industriales<\/h1>\n<h1>Actualizaci\u00f3n de motores el\u00e9ctricos<\/h1>\n<h1>Soluciones de modificaci\u00f3n<\/h1>\n<h1>Diagn\u00f3stico de fallos<\/h1>\n<h1>Reacondicionamiento de motores WEG<\/h1>\n<h1>Optimizaci\u00f3n de equipos<\/h1>\n<h1>Servicios de reparaci\u00f3n industrial<\/h1>\n<\/div>\n","protected":false},"featured_media":9478,"template":"","meta":[],"product_cat":[147],"product_tag":[],"acf":[],"_links":{"self":[{"href":"https:\/\/camousseight.cl\/index.php\/wp-json\/wp\/v2\/product\/9477"}],"collection":[{"href":"https:\/\/camousseight.cl\/index.php\/wp-json\/wp\/v2\/product"}],"about":[{"href":"https:\/\/camousseight.cl\/index.php\/wp-json\/wp\/v2\/types\/product"}],"wp:featuredmedia":[{"embeddable":true,"href":"https:\/\/camousseight.cl\/index.php\/wp-json\/wp\/v2\/media\/9478"}],"wp:attachment":[{"href":"https:\/\/camousseight.cl\/index.php\/wp-json\/wp\/v2\/media?parent=9477"}],"wp:term":[{"taxonomy":"product_cat","embeddable":true,"href":"https:\/\/camousseight.cl\/index.php\/wp-json\/wp\/v2\/product_cat?post=9477"},{"taxonomy":"product_tag","embeddable":true,"href":"https:\/\/camousseight.cl\/index.php\/wp-json\/wp\/v2\/product_tag?post=9477"}],"curies":[{"name":"wp","href":"https:\/\/api.w.org\/{rel}","templated":true}]}}