{"id":9480,"date":"2024-02-08T17:17:38","date_gmt":"2024-02-08T20:17:38","guid":{"rendered":"http:\/\/camousseight.cl\/?post_type=product&#038;p=9480"},"modified":"2024-02-12T09:30:09","modified_gmt":"2024-02-12T12:30:09","slug":"sonda-pt-100","status":"publish","type":"product","link":"https:\/\/camousseight.cl\/index.php\/producto\/sonda-pt-100\/","title":{"rendered":"SONDA PT-100"},"content":{"rendered":"<div class=\"wpb-content-wrapper\"><section class=\"l-section wpb_row height_auto\"><div class=\"l-section-h i-cf\"><div class=\"g-cols vc_row via_grid cols_1 laptops-cols_inherit tablets-cols_inherit mobiles-cols_1 valign_top type_default stacking_default\"><div class=\"wpb_column vc_column_container\"><div class=\"vc_column-inner\"><div class=\"wpb_text_column\"><div class=\"wpb_wrapper\"><p style=\"text-align: justify;\">Son sensores de temperatura con principio de funcionamiento basado en la propiedad que algunos materiales que var\u00edan la resistencia el\u00e9ctrica con la variaci\u00f3n de la temperatura (generalmente platina, n\u00edquel o cobre). Poseen resistencia calibrada que var\u00eda linealmente con la temperatura, posibilitando un seguimiento continuo del proceso de calentamiento del motor por el display del controlador, con alto grado de precisi\u00f3n y sensibilidad de respuesta.<\/p>\n<p style=\"text-align: justify;\">Un mismo sensor puede servir para alarma ( operaci\u00f3n por encima de la temperatura normal de trabajo ) y apagado ( generalmente ajustada para la m\u00e1xima temperatura de la clase de aislamiento ). Las resistencias de los cables, de los contactos, etc., pueden interferir en la medici\u00f3n. De esa forma, existen diferentes tipos de configuraciones que pueden ser realizadas buscando minimizar dichos efectos.<\/p>\n<p style=\"text-align: justify;\">\u2022 La configuraci\u00f3n de dos alambres normalmente es satisfactoria en locales donde la longitud del cable del sensor hasta el instrumento no sobrepasa los 3,0 m para calibre 20 AWG<br \/>\n\u2022 En la configuraci\u00f3n de tres alambres (m\u00e1s utilizada por la industria) habr\u00e1 una compensaci\u00f3n de la resistencia el\u00e9ctrica por el tercer alambre<br \/>\n\u2022 En la configuraci\u00f3n de cuatro alambres (montaje m\u00e1s preciso), existen dos conexiones para cada terminal del bulbo (dos cables para tensi\u00f3n y dos para corriente), obteni\u00e9ndose un balanceo total de resistencias (es utilizada en casos donde es necesaria una gran precisi\u00f3n)<\/p>\n<p style=\"text-align: justify;\"><b>Desventaja<\/b><br \/>\nLos elementos sensores y los circuitos de control poseen un alto costo.<\/p>\n<p style=\"text-align: justify;\">Para el Pt-100, la temperatura puede ser obtenida con la f\u00f3rmula a seguir, o a trav\u00e9s de tablas suministradas por los fabricantes.<\/p>\n<p style=\"text-align: justify;\">t \u00baC = r &#8211; 100\/0,385<\/p>\n<p style=\"text-align: justify;\">r &#8211; resistencia medida en Ohms.<\/p>\n<p>&nbsp;<\/p>\n<div class=\"divtags\">\n<h1>Sonda PT-100<\/h1>\n<h1>Sensores de temperatura<\/h1>\n<h1>Tecnolog\u00eda de sensores<\/h1>\n<h1>Componentes de control de temperatura<\/h1>\n<h1>Control de temperatura industrial<\/h1>\n<h1>Termistores para la industria<\/h1>\n<h1>Tecnolog\u00eda de medici\u00f3n de temperatura<\/h1>\n<h1>Soluciones de temperatura<\/h1>\n<h1>Sensores de temperatura para la industria alimentaria<\/h1>\n<h1>Sensores de temperatura para la industria qu\u00edmica<\/h1>\n<h1>Sensores de temperatura para la industria farmac\u00e9utica<\/h1>\n<h1>Sensores de temperatura para la industria petrolera<\/h1>\n<h1>Sensores de temperatura para la industria minera<\/h1>\n<h1>Sistemas de control de temperatura<\/h1>\n<h1>Soluciones de control de temperatura para motores<\/h1>\n<h1>Tecnolog\u00eda de sensores para motores<\/h1>\n<\/div>\n<\/div><\/div><\/div><\/div><\/div><\/div><\/section>\n<\/div>","protected":false},"excerpt":{"rendered":"Son sensores de temperatura con principio de funcionamiento basado en la propiedad que algunos materiales que var\u00edan la resistencia el\u00e9ctrica con la variaci\u00f3n de la temperatura (generalmente platina, n\u00edquel o cobre). Poseen resistencia calibrada que var\u00eda linealmente con la temperatura, posibilitando un seguimiento continuo del proceso de calentamiento del motor por el display del controlador,...","protected":false},"featured_media":9455,"template":"","meta":[],"product_cat":[149,113],"product_tag":[],"acf":[],"_links":{"self":[{"href":"https:\/\/camousseight.cl\/index.php\/wp-json\/wp\/v2\/product\/9480"}],"collection":[{"href":"https:\/\/camousseight.cl\/index.php\/wp-json\/wp\/v2\/product"}],"about":[{"href":"https:\/\/camousseight.cl\/index.php\/wp-json\/wp\/v2\/types\/product"}],"wp:featuredmedia":[{"embeddable":true,"href":"https:\/\/camousseight.cl\/index.php\/wp-json\/wp\/v2\/media\/9455"}],"wp:attachment":[{"href":"https:\/\/camousseight.cl\/index.php\/wp-json\/wp\/v2\/media?parent=9480"}],"wp:term":[{"taxonomy":"product_cat","embeddable":true,"href":"https:\/\/camousseight.cl\/index.php\/wp-json\/wp\/v2\/product_cat?post=9480"},{"taxonomy":"product_tag","embeddable":true,"href":"https:\/\/camousseight.cl\/index.php\/wp-json\/wp\/v2\/product_tag?post=9480"}],"curies":[{"name":"wp","href":"https:\/\/api.w.org\/{rel}","templated":true}]}}