{"id":9481,"date":"2024-02-08T17:19:34","date_gmt":"2024-02-08T20:19:34","guid":{"rendered":"http:\/\/camousseight.cl\/?post_type=product&#038;p=9481"},"modified":"2024-02-08T17:19:39","modified_gmt":"2024-02-08T20:19:39","slug":"servicio-de-proyectos-de-control","status":"publish","type":"product","link":"https:\/\/camousseight.cl\/index.php\/producto\/servicio-de-proyectos-de-control\/","title":{"rendered":"SERVICIO DE PROYECTOS DE CONTROL"},"content":{"rendered":"","protected":false},"excerpt":{"rendered":"<p>El servicio de proyecto de control de motores WEG ofrece soluciones de ingenier\u00eda y automatizaci\u00f3n para optimizar el rendimiento de los motores el\u00e9ctricos. A trav\u00e9s del dise\u00f1o de sistemas de control y la programaci\u00f3n de controladores l\u00f3gicos programables (PLC), se puede mejorar la eficiencia energ\u00e9tica, reducir costos operativos y prolongar la vida \u00fatil de los equipos.<\/p>\n<p style=\"text-align: justify;\">El equipo t\u00e9cnico especializado en control de motores WEG brinda asesor\u00eda personalizada para cada proyecto, evaluando las necesidades espec\u00edficas de cada cliente y ofreciendo soluciones adaptadas a sus requerimientos. Adem\u00e1s, se realizan inspecciones de equipos y diagn\u00f3stico de fallas para determinar los problemas y dise\u00f1ar soluciones personalizadas de control.<\/p>\n<p>&nbsp;<\/p>\n<div class=\"divtags\">\n<h1>Proyecto de control de motores<\/h1>\n<h1>Soluciones de control de motores WEG<\/h1>\n<h1>Dise\u00f1o de sistemas de control<\/h1>\n<h1>Ingenier\u00eda de control de motores<\/h1>\n<h1>Automatizaci\u00f3n de motores el\u00e9ctricos<\/h1>\n<h1>Servicio t\u00e9cnico especializado<\/h1>\n<h1>Programaci\u00f3n de controladores l\u00f3gicos programables (PLC)<\/h1>\n<h1>Integraci\u00f3n de sistemas<\/h1>\n<h1>Servicio de mantenimiento<\/h1>\n<h1>Mejora de eficiencia energ\u00e9tica<\/h1>\n<h1>Diagn\u00f3stico de fallos<\/h1>\n<h1>Servicios de ingenier\u00eda<\/h1>\n<h1>An\u00e1lisis de sistemas de control<\/h1>\n<h1>Control de motores industriales<\/h1>\n<h1>Soluciones personalizadas de control<\/h1>\n<h1>Servicios de automatizaci\u00f3n industrial<\/h1>\n<\/div>\n","protected":false},"featured_media":9483,"template":"","meta":[],"product_cat":[147],"product_tag":[],"acf":[],"_links":{"self":[{"href":"https:\/\/camousseight.cl\/index.php\/wp-json\/wp\/v2\/product\/9481"}],"collection":[{"href":"https:\/\/camousseight.cl\/index.php\/wp-json\/wp\/v2\/product"}],"about":[{"href":"https:\/\/camousseight.cl\/index.php\/wp-json\/wp\/v2\/types\/product"}],"wp:featuredmedia":[{"embeddable":true,"href":"https:\/\/camousseight.cl\/index.php\/wp-json\/wp\/v2\/media\/9483"}],"wp:attachment":[{"href":"https:\/\/camousseight.cl\/index.php\/wp-json\/wp\/v2\/media?parent=9481"}],"wp:term":[{"taxonomy":"product_cat","embeddable":true,"href":"https:\/\/camousseight.cl\/index.php\/wp-json\/wp\/v2\/product_cat?post=9481"},{"taxonomy":"product_tag","embeddable":true,"href":"https:\/\/camousseight.cl\/index.php\/wp-json\/wp\/v2\/product_tag?post=9481"}],"curies":[{"name":"wp","href":"https:\/\/api.w.org\/{rel}","templated":true}]}}