{"id":9489,"date":"2024-02-08T17:23:42","date_gmt":"2024-02-08T20:23:42","guid":{"rendered":"http:\/\/camousseight.cl\/?post_type=product&#038;p=9489"},"modified":"2024-02-12T09:31:21","modified_gmt":"2024-02-12T12:31:21","slug":"rele-electronico-weg-rpw-ptc","status":"publish","type":"product","link":"https:\/\/camousseight.cl\/index.php\/producto\/rele-electronico-weg-rpw-ptc\/","title":{"rendered":"REL\u00c9 ELECTR\u00d3NICO WEG RPW-PTC"},"content":{"rendered":"<div class=\"wpb-content-wrapper\"><section class=\"l-section wpb_row height_auto\"><div class=\"l-section-h i-cf\"><div class=\"g-cols vc_row via_grid cols_1 laptops-cols_inherit tablets-cols_inherit mobiles-cols_1 valign_top type_default stacking_default\"><div class=\"wpb_column vc_column_container\"><div class=\"vc_column-inner\"><div class=\"wpb_text_column\"><div class=\"wpb_wrapper\"><p style=\"text-align: justify;\">Los rel\u00e9s protectores RPW WEG poseen cuatro funciones distintas para monitoreo de tensi\u00f3n y un protector exclusivo para monitoreo de temperatura del motor con sonda PTC. Son muy importantes en instalaciones de motores el\u00e9ctricos, evitando que m\u00e1quinas sean destruidas, procesos interrumpidos, ocasionando graves perjuicios.<\/p>\n<p style=\"text-align: justify;\">El Rel\u00e9 Electr\u00f3nico RPW-PTC asegura una comunicaci\u00f3n total entre su motor y el sistema de control de protecci\u00f3n de sobrecarga.<\/p>\n<p style=\"text-align: justify;\">Cuenta con circuito electr\u00f3nico de alta precisi\u00f3n e inmunidad contra ruidos. Compacto, 22,5 mm, montaje directo en riel DIN 35 mm o fijaci\u00f3n por tornillo. Poseen LEDs para indicaci\u00f3n de status y contactos de alta confiabilidad.<\/p>\n<p>&nbsp;<\/p>\n<div class=\"divtags\">\n<h1>Rel\u00e9 electr\u00f3nico WEG RPW-PTC<\/h1>\n<h1>Componentes de protecci\u00f3n de motores<\/h1>\n<h1>Tecnolog\u00eda de rel\u00e9s electr\u00f3nicos<\/h1>\n<h1>Soluciones de protecci\u00f3n de motores<\/h1>\n<h1>Dispositivos de protecci\u00f3n de sobrecarga<\/h1>\n<h1>Dispositivos de protecci\u00f3n contra sobrecalentamiento<\/h1>\n<h1>Tecnolog\u00eda de protecci\u00f3n t\u00e9rmica WEG<\/h1>\n<h1>Control de temperatura industrial<\/h1>\n<h1>Protecci\u00f3n de motores el\u00e9ctricos<\/h1>\n<h1>Tecnolog\u00eda de protecci\u00f3n para motores el\u00e9ctricos WEG<\/h1>\n<h1>Soluciones de protecci\u00f3n para la industria alimentaria<\/h1>\n<h1>Soluciones de protecci\u00f3n para la industria qu\u00edmica<\/h1>\n<h1>Soluciones de protecci\u00f3n para la industria farmac\u00e9utica<\/h1>\n<h1>Soluciones de protecci\u00f3n para la industria petrolera<\/h1>\n<h1>Soluciones de protecci\u00f3n para la industria minera<\/h1>\n<h1>Tecnolog\u00eda de protecci\u00f3n para motores el\u00e9ctricos de alta potencia<\/h1>\n<\/div>\n<\/div><\/div><\/div><\/div><\/div><\/div><\/section>\n<\/div>","protected":false},"excerpt":{"rendered":"Los rel\u00e9s protectores RPW WEG poseen cuatro funciones distintas para monitoreo de tensi\u00f3n y un protector exclusivo para monitoreo de temperatura del motor con sonda PTC. Son muy importantes en instalaciones de motores el\u00e9ctricos, evitando que m\u00e1quinas sean destruidas, procesos interrumpidos, ocasionando graves perjuicios. El Rel\u00e9 Electr\u00f3nico RPW-PTC asegura una comunicaci\u00f3n total entre su motor...","protected":false},"featured_media":9495,"template":"","meta":[],"product_cat":[149,113],"product_tag":[],"acf":[],"_links":{"self":[{"href":"https:\/\/camousseight.cl\/index.php\/wp-json\/wp\/v2\/product\/9489"}],"collection":[{"href":"https:\/\/camousseight.cl\/index.php\/wp-json\/wp\/v2\/product"}],"about":[{"href":"https:\/\/camousseight.cl\/index.php\/wp-json\/wp\/v2\/types\/product"}],"wp:featuredmedia":[{"embeddable":true,"href":"https:\/\/camousseight.cl\/index.php\/wp-json\/wp\/v2\/media\/9495"}],"wp:attachment":[{"href":"https:\/\/camousseight.cl\/index.php\/wp-json\/wp\/v2\/media?parent=9489"}],"wp:term":[{"taxonomy":"product_cat","embeddable":true,"href":"https:\/\/camousseight.cl\/index.php\/wp-json\/wp\/v2\/product_cat?post=9489"},{"taxonomy":"product_tag","embeddable":true,"href":"https:\/\/camousseight.cl\/index.php\/wp-json\/wp\/v2\/product_tag?post=9489"}],"curies":[{"name":"wp","href":"https:\/\/api.w.org\/{rel}","templated":true}]}}